{"id":792,"date":"2023-12-29T15:10:15","date_gmt":"2023-12-29T15:10:15","guid":{"rendered":"https:\/\/winktattoo.com\/product\/jungle-wall-sticker\/"},"modified":"2024-01-23T07:27:39","modified_gmt":"2024-01-23T07:27:39","slug":"jungle-wall-sticker","status":"publish","type":"product","link":"https:\/\/winktattoo.com\/lv\/products\/jungle-wall-sticker\/","title":{"rendered":"SIENAS UZL\u012aMES D\u017eung\u013ci"},"content":{"rendered":"<p>Uzl\u012bmes tiek ra\u017eotas p\u0113c pas\u016bt\u012bjuma, t\u0101d\u0113\u013c t\u0101s nav iesp\u0113jams apmain\u012bt vai atgriezt atpaka\u013c. Uzl\u012bmju izgatavo\u0161ana aiz\u0146em 5-7 darba dienas.<\/p>\n<p>Uzl\u012bmes ir \u013coti viegli uzst\u0101d\u012bt, t\u0101m kl\u0101t pievienota detaliz\u0113ta, soli pa solim, uzst\u0101d\u012b\u0161anas instrukcija. Materi\u0101ls ir biezs un iztur\u012bgs, tas neveido gaisa burbu\u013cus, to var p\u0101rl\u012bm\u0113t vai pielabot 48 stundu laik\u0101 p\u0113c uzlik\u0161anas.<br \/>\nUzl\u012bmes piem\u0113rotas glud\u0101m, saus\u0101m, t\u012br\u0101m virsm\u0101m un virsm\u0101m ar nelielu fakt\u016bru, ne tikai pie sien\u0101m, bet ar\u012b uz spogu\u013ciem, stikla un m\u0113bel\u0113m. Paredz\u0113ts l\u012bm\u0113t iek\u0161telp\u0101s.<\/p>","protected":false},"excerpt":{"rendered":"<p>Vienk\u0101r\u0161s un \u0101trs veids, k\u0101 izdekor\u0113t telpu, padar\u012bt to interesantu un m\u016bsdien\u012bgu, nenodarot nek\u0101du kait\u0113jumu sien\u0101m vai m\u0113bel\u0113m! WINK sienas uzl\u012bmes ir viegli uzl\u012bm\u0113t un ar\u012b no\u0146emt- p\u0113c no\u0146em\u0161anas t\u0101s neatst\u0101j l\u012bmes paliekas un nesaboj\u0101 virsmu.<\/p>\n<p>Uzl\u012bmes ir izgatavotas no augstas kvalit\u0101tes pa\u0161l\u012bm\u0113jo\u0161a, mat\u0113ta, 100% p\u0101rstr\u0101d\u0101ta poliestera materi\u0101la, ar smalku audekla tekst\u016bru, tam ir OEKO-tex un B1 ugunsdro\u0161\u012bbas sertifik\u0101ts, nesatur PVC. Drukai lietot\u0101s kr\u0101sas ir ekolo\u0123iski dro\u0161as, bez nepat\u012bkama arom\u0101ta.<\/p>\n<p><i>Nesen kr\u0101sot\u0101m sien\u0101m, ieteicams nogaid\u012bt divas ned\u0113\u013cas, pirms uzl\u012bmju l\u012bm\u0113\u0161anas.<\/i><br \/>\nIzm\u0113rs: Diametrs- 97cm (38.18inches)<\/p>\n<p>Tetov\u0113jumu dizainu autore: <a href=\"\/lv\/about-us\/#Kristiana-Dave\" target=\"_blank\" rel=\"noopener\">Kristiana Dave<\/a><\/p>\n<p>Instagram: <a href=\"https:\/\/www.instagram.com\/_kkristiana\/\"><span class=\"s2\">_kkristiana<\/span><\/a><\/p>","protected":false},"featured_media":794,"comment_status":"closed","ping_status":"closed","template":"","meta":{"_acf_changed":false,"_kad_blocks_custom_css":"","_kad_blocks_head_custom_js":"","_kad_blocks_body_custom_js":"","_kad_blocks_footer_custom_js":""},"product_brand":[],"product_cat":[38],"product_tag":[],"class_list":{"0":"post-792","1":"product","2":"type-product","3":"status-publish","4":"has-post-thumbnail","6":"product_cat-wall-stickers","7":"product_shipping_class-wall-stickers","9":"first","10":"outofstock","11":"purchasable","12":"product-type-simple"},"acf":[],"taxonomy_info":{"product_cat":[{"value":38,"label":"WALL STICKERS"}]},"featured_image_src_large":["https:\/\/winktattoo.com\/wp-content\/uploads\/2023\/12\/WEB_aplis2-Dzhunglji-1-1024x1024.jpg",1024,1024,true],"author_info":[],"comment_info":0,"_links":{"self":[{"href":"https:\/\/winktattoo.com\/lv\/wp-json\/wp\/v2\/product\/792","targetHints":{"allow":["GET"]}}],"collection":[{"href":"https:\/\/winktattoo.com\/lv\/wp-json\/wp\/v2\/product"}],"about":[{"href":"https:\/\/winktattoo.com\/lv\/wp-json\/wp\/v2\/types\/product"}],"replies":[{"embeddable":true,"href":"https:\/\/winktattoo.com\/lv\/wp-json\/wp\/v2\/comments?post=792"}],"wp:featuredmedia":[{"embeddable":true,"href":"https:\/\/winktattoo.com\/lv\/wp-json\/wp\/v2\/media\/794"}],"wp:attachment":[{"href":"https:\/\/winktattoo.com\/lv\/wp-json\/wp\/v2\/media?parent=792"}],"wp:term":[{"taxonomy":"product_brand","embeddable":true,"href":"https:\/\/winktattoo.com\/lv\/wp-json\/wp\/v2\/product_brand?post=792"},{"taxonomy":"product_cat","embeddable":true,"href":"https:\/\/winktattoo.com\/lv\/wp-json\/wp\/v2\/product_cat?post=792"},{"taxonomy":"product_tag","embeddable":true,"href":"https:\/\/winktattoo.com\/lv\/wp-json\/wp\/v2\/product_tag?post=792"}],"curies":[{"name":"wp","href":"https:\/\/api.w.org\/{rel}","templated":true}]}}