{"id":6706,"date":"2025-04-12T12:00:45","date_gmt":"2025-04-12T12:00:45","guid":{"rendered":"https:\/\/winktattoo.com\/?post_type=product&#038;p=6706"},"modified":"2025-09-30T11:32:21","modified_gmt":"2025-09-30T11:32:21","slug":"burtotava-by-liva-eihmane","status":"publish","type":"product","link":"https:\/\/winktattoo.com\/lv\/products\/burtotava-by-liva-eihmane\/","title":{"rendered":"L\u012aVA EIHMANE  - BURTOTAVA"},"content":{"rendered":"<p class=\"\" data-start=\"118\" data-end=\"189\"><strong data-start=\"118\" data-end=\"189\">No gr\u0101matas \u2013 uz \u0101das! WINK tattoo x BURTOTAVA<\/strong><\/p>\n<p class=\"translation-block\" data-start=\"191\" data-end=\"378\">Ienirsti burv\u012bgaj\u0101 Puiku alfab\u0113ta pasaul\u0113, ko rad\u012bjusi ilustratore L\u012bva Eihmane \u2014 tagad t\u0101 atdz\u012bvojusies rota\u013c\u012bg\u0101 \u012bslaic\u012bgo tetov\u0113jumu kolekcij\u0101 sadarb\u012bb\u0101 ar <strong>WINK tattoo<\/strong>.<\/p>\n<p class=\"\" data-start=\"380\" data-end=\"603\">\u0160aj\u0101 sirsn\u012bgaj\u0101 s\u0113rij\u0101 atrad\u012bsi varo\u0146us no gr\u0101matas lappus\u0113m \u2014 s\u0101kot ar m\u012b\u013cu ka\u0137\u012bti un draudz\u012bgu ledusl\u0101ci l\u012bdz pat m\u016bmijai uz motocikla un daudziem citiem t\u0113liem. Katrs dizains iedvesmo un piesaista skatienu.<\/p>\n<p class=\"\" data-start=\"605\" data-end=\"859\">Ide\u0101li piem\u0113roti gan b\u0113rniem, gan pieaugu\u0161ajiem ar rado\u0161u garu \u2014 \u0161ie tetov\u0113jumi ir dro\u0161i \u0101dai, viegli uzkl\u0101jami un lielisks veids, k\u0101 pie\u0161\u0137irt t\u0113lam m\u0101ksliniecisku noska\u0146u. Uzkl\u0101\u0161ana aiz\u0146em tikai da\u017eas min\u016btes, un tetov\u0113jumi saglab\u0101jas uz \u0101das no vienas l\u012bdz piec\u0101m dien\u0101m.<\/p>\n<p class=\"\" data-start=\"861\" data-end=\"907\"><strong data-start=\"861\" data-end=\"870\">Izm\u0113rs<\/strong> A5 (148 \u00d7 210 mm \/ 5.8 \u00d7 8.3 inches)<\/p>","protected":false},"excerpt":{"rendered":"<p class=\"translation-block\">Ienirsti burv\u012bgaj\u0101 Puiku alfab\u0113ta pasaul\u0113, ko rad\u012bjusi ilustratore L\u012bva Eihmane \u2014 tagad t\u0101 atdz\u012bvojusies rota\u013c\u012bg\u0101 \u012bslaic\u012bgo tetov\u0113jumu kolekcij\u0101 sadarb\u012bb\u0101 ar <strong>WINK tattoo<\/strong>.<\/p>\n<p>\ud83c\udf10 www.burtotava.lv<\/p>\n<p>\ud83d\udcf8 Vair\u0101k bil\u017eu un iedvesmas <a href=\"https:\/\/www.instagram.com\/explore\/tags\/winktattoo\/\" target=\"_blank\" rel=\"noopener\">#winktattoo <\/a><\/p>\n<p>\ud83d\ude9a Bezmaksas pieg\u0101de pirkumiem virs 20 \u20ac<\/p>","protected":false},"featured_media":6707,"comment_status":"closed","ping_status":"closed","template":"","meta":{"_acf_changed":false,"_kad_blocks_custom_css":"","_kad_blocks_head_custom_js":"","_kad_blocks_body_custom_js":"","_kad_blocks_footer_custom_js":""},"product_brand":[],"product_cat":[25,27,21],"product_tag":[44,41,46,45,43,42],"class_list":{"0":"post-6706","1":"product","2":"type-product","3":"status-publish","4":"has-post-thumbnail","6":"product_cat-bestsellers","7":"product_cat-colorful","8":"product_cat-tattoo","9":"product_tag-a5","10":"product_tag-burtotava","11":"product_tag-cmyk","12":"product_tag-krasaini","13":"product_tag-liva-eihmane","14":"product_tag-puiku-alfabets","15":"product_shipping_class-shipping-tattoos","17":"first","18":"instock","19":"featured","20":"purchasable","21":"product-type-simple"},"acf":[],"taxonomy_info":{"product_cat":[{"value":25,"label":"Bestsellers"},{"value":27,"label":"COLORFUL"},{"value":21,"label":"TATTOO"}],"product_tag":[{"value":44,"label":"a5"},{"value":41,"label":"burtotava"},{"value":46,"label":"cmyk"},{"value":45,"label":"kr\u0101saini"},{"value":43,"label":"liva eihmane"},{"value":42,"label":"puiku alfabets"}]},"featured_image_src_large":["https:\/\/winktattoo.com\/wp-content\/uploads\/2025\/04\/Burtotava-1024x1024.jpg",1024,1024,true],"author_info":[],"comment_info":0,"_links":{"self":[{"href":"https:\/\/winktattoo.com\/lv\/wp-json\/wp\/v2\/product\/6706","targetHints":{"allow":["GET"]}}],"collection":[{"href":"https:\/\/winktattoo.com\/lv\/wp-json\/wp\/v2\/product"}],"about":[{"href":"https:\/\/winktattoo.com\/lv\/wp-json\/wp\/v2\/types\/product"}],"replies":[{"embeddable":true,"href":"https:\/\/winktattoo.com\/lv\/wp-json\/wp\/v2\/comments?post=6706"}],"wp:featuredmedia":[{"embeddable":true,"href":"https:\/\/winktattoo.com\/lv\/wp-json\/wp\/v2\/media\/6707"}],"wp:attachment":[{"href":"https:\/\/winktattoo.com\/lv\/wp-json\/wp\/v2\/media?parent=6706"}],"wp:term":[{"taxonomy":"product_brand","embeddable":true,"href":"https:\/\/winktattoo.com\/lv\/wp-json\/wp\/v2\/product_brand?post=6706"},{"taxonomy":"product_cat","embeddable":true,"href":"https:\/\/winktattoo.com\/lv\/wp-json\/wp\/v2\/product_cat?post=6706"},{"taxonomy":"product_tag","embeddable":true,"href":"https:\/\/winktattoo.com\/lv\/wp-json\/wp\/v2\/product_tag?post=6706"}],"curies":[{"name":"wp","href":"https:\/\/api.w.org\/{rel}","templated":true}]}}