{"id":669,"date":"2023-12-29T15:07:17","date_gmt":"2023-12-29T15:07:17","guid":{"rendered":"https:\/\/winktattoo.com\/product\/copper-metallic-owl\/"},"modified":"2025-07-29T12:16:07","modified_gmt":"2025-07-29T12:16:07","slug":"copper-metallic-owl","status":"publish","type":"product","link":"https:\/\/winktattoo.com\/lv\/products\/copper-metallic-owl\/","title":{"rendered":"VARA MET\u0100LISKA P\u016aCE"},"content":{"rendered":"<p>\u012aslaic\u012bgie tetov\u0113jumi ir piem\u0113roti k\u0101 pieaugu\u0161ajiem, t\u0101 ar\u012b b\u0113rniem. Tetov\u0113jumu var uzlikt uz \u0101das p\u0101ris min\u016b\u0161u laik\u0101 un tie tur\u0113sies vienu l\u012bdz piecas dienas.<br \/>\nSize: 50 x 50 mm; 1.97 x 1.97 inches<\/p>","protected":false},"excerpt":{"rendered":"<p>Komplekts sast\u0101v no 2 vien\u0101diem dizainiem - viens tev un otrs tavam draugam!<\/p>\n<p>Tetov\u0113jumu dizainu autore:\u00a0<a href=\"https:\/\/winktattoo.com\/lv\/about-us\/#Kristiana-Dave\" target=\"_blank\" rel=\"noopener\">Kristiana Dave<\/a><\/p>\n<p>Mekl\u0113 vair\u0101k bildes iedvesmai\u00a0<a href=\"https:\/\/www.instagram.com\/explore\/tags\/winktattoo\/\" target=\"_blank\" rel=\"noopener\">#winktattoo<\/a><\/p>\n<p>* BEZMAKSAS pieg\u0101de pirkumiem virs 20\u20ac<\/p>","protected":false},"featured_media":671,"comment_status":"closed","ping_status":"closed","template":"","meta":{"_acf_changed":false,"_kad_blocks_custom_css":"","_kad_blocks_head_custom_js":"","_kad_blocks_body_custom_js":"","_kad_blocks_footer_custom_js":""},"product_brand":[],"product_cat":[27,23,28,21],"product_tag":[],"class_list":{"0":"post-669","1":"product","2":"type-product","3":"status-publish","4":"has-post-thumbnail","6":"product_cat-colorful","7":"product_cat-sets","8":"product_cat-silver-gold","9":"product_cat-tattoo","10":"product_shipping_class-shipping-tattoos","12":"first","13":"instock","14":"purchasable","15":"product-type-simple"},"acf":[],"taxonomy_info":{"product_cat":[{"value":27,"label":"COLORFUL"},{"value":23,"label":"SETS"},{"value":28,"label":"SILVER &amp; GOLD"},{"value":21,"label":"TATTOO"}]},"featured_image_src_large":["https:\/\/winktattoo.com\/wp-content\/uploads\/2023\/12\/Vara_puuce_metallic-1-1024x1024.jpg",1024,1024,true],"author_info":[],"comment_info":0,"_links":{"self":[{"href":"https:\/\/winktattoo.com\/lv\/wp-json\/wp\/v2\/product\/669","targetHints":{"allow":["GET"]}}],"collection":[{"href":"https:\/\/winktattoo.com\/lv\/wp-json\/wp\/v2\/product"}],"about":[{"href":"https:\/\/winktattoo.com\/lv\/wp-json\/wp\/v2\/types\/product"}],"replies":[{"embeddable":true,"href":"https:\/\/winktattoo.com\/lv\/wp-json\/wp\/v2\/comments?post=669"}],"wp:featuredmedia":[{"embeddable":true,"href":"https:\/\/winktattoo.com\/lv\/wp-json\/wp\/v2\/media\/671"}],"wp:attachment":[{"href":"https:\/\/winktattoo.com\/lv\/wp-json\/wp\/v2\/media?parent=669"}],"wp:term":[{"taxonomy":"product_brand","embeddable":true,"href":"https:\/\/winktattoo.com\/lv\/wp-json\/wp\/v2\/product_brand?post=669"},{"taxonomy":"product_cat","embeddable":true,"href":"https:\/\/winktattoo.com\/lv\/wp-json\/wp\/v2\/product_cat?post=669"},{"taxonomy":"product_tag","embeddable":true,"href":"https:\/\/winktattoo.com\/lv\/wp-json\/wp\/v2\/product_tag?post=669"}],"curies":[{"name":"wp","href":"https:\/\/api.w.org\/{rel}","templated":true}]}}