{"id":640,"date":"2023-12-29T15:06:17","date_gmt":"2023-12-29T15:06:17","guid":{"rendered":"https:\/\/winktattoo.com\/product\/kristine-luize-avotina-collection\/"},"modified":"2026-03-11T07:46:23","modified_gmt":"2026-03-11T07:46:23","slug":"kristine-luize-avotina-collection","status":"publish","type":"product","link":"https:\/\/winktattoo.com\/lv\/products\/kristine-luize-avotina-collection\/","title":{"rendered":"KRIST\u012aNE LU\u012aZE AVOTI\u0145A"},"content":{"rendered":"<p>\u012aslaic\u012bgie tetov\u0113jumi ir piem\u0113roti k\u0101 pieaugu\u0161ajiem, t\u0101 ar\u012b b\u0113rniem. Tetov\u0113jumu var uzlikt uz \u0101das p\u0101ris min\u016b\u0161u laik\u0101 un tie tur\u0113sies vienu l\u012bdz piecas dienas.<\/p>\n<p>Size : A5 (148 x 210 mm; 5.8 x 8.3 inches).<\/p>","protected":false},"excerpt":{"rendered":"<p>Kop\u0101 ar m\u0101kslinieci Krist\u012bni Lu\u012bzi Avoti\u0146u esam izveidoju\u0161i \u012bpa\u0161a tetov\u0113jumu kolekciju. \u0160aj\u0101 kolekcij\u0101 J\u016bs atrad\u012bsiet vism\u012b\u013c\u0101k\u0101s m\u0101kslinieka gleznas, piem\u0113ram, peonijas, sarkanas l\u016bpas un za\u0137us ar tauri\u0146a sp\u0101rniem!<\/p>\n<p>Tetov\u0113jumu dizainu autore: <a href=\"https:\/\/www.instagram.com\/kristineluizeavotina\/\" target=\"_blank\" rel=\"noopener\">Kristine Luize Avotina<\/a><\/p>\n<p>Mekl\u0113 vair\u0101k bildes iedvesmai <a href=\"https:\/\/www.instagram.com\/explore\/tags\/winktattoo\/\" target=\"_blank\" rel=\"noopener\">#winktattoo <\/a><\/p>\n<p>* BEZMAKSAS pieg\u0101de pirkumiem virs 20\u20ac<\/p>","protected":false},"featured_media":641,"comment_status":"closed","ping_status":"closed","template":"","meta":{"_acf_changed":false,"_kad_blocks_custom_css":"","_kad_blocks_head_custom_js":"","_kad_blocks_body_custom_js":"","_kad_blocks_footer_custom_js":""},"product_brand":[],"product_cat":[25,27,22,21],"product_tag":[],"class_list":{"0":"post-640","1":"product","2":"type-product","3":"status-publish","4":"has-post-thumbnail","6":"product_cat-bestsellers","7":"product_cat-colorful","8":"product_cat-sale","9":"product_cat-tattoo","10":"product_shipping_class-shipping-tattoos","12":"first","13":"instock","14":"featured","15":"purchasable","16":"product-type-simple"},"acf":[],"taxonomy_info":{"product_cat":[{"value":25,"label":"Bestsellers"},{"value":27,"label":"COLORFUL"},{"value":22,"label":"SALE"},{"value":21,"label":"TATTOO"}]},"featured_image_src_large":["https:\/\/winktattoo.com\/wp-content\/uploads\/2023\/12\/KLA_1-1024x1024.jpg",1024,1024,true],"author_info":[],"comment_info":0,"_links":{"self":[{"href":"https:\/\/winktattoo.com\/lv\/wp-json\/wp\/v2\/product\/640","targetHints":{"allow":["GET"]}}],"collection":[{"href":"https:\/\/winktattoo.com\/lv\/wp-json\/wp\/v2\/product"}],"about":[{"href":"https:\/\/winktattoo.com\/lv\/wp-json\/wp\/v2\/types\/product"}],"replies":[{"embeddable":true,"href":"https:\/\/winktattoo.com\/lv\/wp-json\/wp\/v2\/comments?post=640"}],"wp:featuredmedia":[{"embeddable":true,"href":"https:\/\/winktattoo.com\/lv\/wp-json\/wp\/v2\/media\/641"}],"wp:attachment":[{"href":"https:\/\/winktattoo.com\/lv\/wp-json\/wp\/v2\/media?parent=640"}],"wp:term":[{"taxonomy":"product_brand","embeddable":true,"href":"https:\/\/winktattoo.com\/lv\/wp-json\/wp\/v2\/product_brand?post=640"},{"taxonomy":"product_cat","embeddable":true,"href":"https:\/\/winktattoo.com\/lv\/wp-json\/wp\/v2\/product_cat?post=640"},{"taxonomy":"product_tag","embeddable":true,"href":"https:\/\/winktattoo.com\/lv\/wp-json\/wp\/v2\/product_tag?post=640"}],"curies":[{"name":"wp","href":"https:\/\/api.w.org\/{rel}","templated":true}]}}