{"id":583,"date":"2023-12-29T15:04:35","date_gmt":"2023-12-29T15:04:35","guid":{"rendered":"https:\/\/winktattoo.com\/product\/greeting-card-with-husky-tattoo\/"},"modified":"2024-01-24T09:09:06","modified_gmt":"2024-01-24T09:09:06","slug":"greeting-card-with-husky-tattoo","status":"publish","type":"product","link":"https:\/\/winktattoo.com\/lv\/products\/greeting-card-with-husky-tattoo\/","title":{"rendered":"KART\u012aTE AR HASKIJA TETOV\u0112JUMU"},"content":{"rendered":"<p>Ja v\u0113lies iepriecin\u0101t k\u0101du sev tuvu cilv\u0113ku, tad ieraksti pas\u016bt\u012bjuma koment\u0101ros apsveikuma tekstu un m\u0113s nos\u016bt\u012bsim to tevis norad\u012btajam adres\u0101tam.<\/p>\n<p>Karti\u0146as izm\u0113rs: A6 (105 x 148 mm)<br \/>\nTetov\u0113juma izm\u0113rs: 50 x 50 mm<\/p>","protected":false},"excerpt":{"rendered":"<p>Tetov\u0113jumu dizainu autore:\u00a0<a href=\"https:\/\/winktattoo.com\/lv\/about-us\/#Kristiana-Dave\" target=\"_blank\" rel=\"noopener\">Kristiana Dave<\/a><\/p>\n<p>Mekl\u0113 vair\u0101k bildes iedvesmai\u00a0<a href=\"https:\/\/www.instagram.com\/explore\/tags\/winktattoo\/\" target=\"_blank\" rel=\"noopener\">#winktattoo<\/a><\/p>\n<p>* BEZMAKSAS pieg\u0101de pirkumiem virs 20\u20ac<\/p>","protected":false},"featured_media":584,"comment_status":"closed","ping_status":"closed","template":"","meta":{"_acf_changed":false,"_kad_blocks_custom_css":"","_kad_blocks_head_custom_js":"","_kad_blocks_body_custom_js":"","_kad_blocks_footer_custom_js":""},"product_brand":[],"product_cat":[32,21],"product_tag":[],"class_list":{"0":"post-583","1":"product","2":"type-product","3":"status-publish","4":"has-post-thumbnail","6":"product_cat-greeting-cards","7":"product_cat-tattoo","8":"product_shipping_class-shipping-tattoos","10":"first","11":"instock","12":"purchasable","13":"product-type-simple"},"acf":[],"taxonomy_info":{"product_cat":[{"value":32,"label":"GREETING CARDS"},{"value":21,"label":"TATTOO"}]},"featured_image_src_large":["https:\/\/winktattoo.com\/wp-content\/uploads\/2023\/12\/kartinja_aapshi_haskijs-1024x1024.jpg",1024,1024,true],"author_info":[],"comment_info":0,"_links":{"self":[{"href":"https:\/\/winktattoo.com\/lv\/wp-json\/wp\/v2\/product\/583","targetHints":{"allow":["GET"]}}],"collection":[{"href":"https:\/\/winktattoo.com\/lv\/wp-json\/wp\/v2\/product"}],"about":[{"href":"https:\/\/winktattoo.com\/lv\/wp-json\/wp\/v2\/types\/product"}],"replies":[{"embeddable":true,"href":"https:\/\/winktattoo.com\/lv\/wp-json\/wp\/v2\/comments?post=583"}],"wp:featuredmedia":[{"embeddable":true,"href":"https:\/\/winktattoo.com\/lv\/wp-json\/wp\/v2\/media\/584"}],"wp:attachment":[{"href":"https:\/\/winktattoo.com\/lv\/wp-json\/wp\/v2\/media?parent=583"}],"wp:term":[{"taxonomy":"product_brand","embeddable":true,"href":"https:\/\/winktattoo.com\/lv\/wp-json\/wp\/v2\/product_brand?post=583"},{"taxonomy":"product_cat","embeddable":true,"href":"https:\/\/winktattoo.com\/lv\/wp-json\/wp\/v2\/product_cat?post=583"},{"taxonomy":"product_tag","embeddable":true,"href":"https:\/\/winktattoo.com\/lv\/wp-json\/wp\/v2\/product_tag?post=583"}],"curies":[{"name":"wp","href":"https:\/\/api.w.org\/{rel}","templated":true}]}}