{"id":555,"date":"2023-12-29T15:04:35","date_gmt":"2023-12-29T15:04:35","guid":{"rendered":"https:\/\/winktattoo.com\/product\/color-crystal-body-sticker\/"},"modified":"2024-01-24T08:34:17","modified_gmt":"2024-01-24T08:34:17","slug":"color-crystal-body-sticker","status":"publish","type":"product","link":"https:\/\/winktattoo.com\/lv\/products\/color-crystal-body-sticker\/","title":{"rendered":"KRIST\u0100LA UZL\u012aME \u0136ERMENIM"},"content":{"rendered":"<p>Krist\u0101la uzl\u012bmes ir piem\u0113rotas gan pieaugu\u0161ajiem, gan b\u0113rniem. Uzl\u012bmi var uzkl\u0101t uz sejas un \u0137erme\u0146a da\u017eu sekun\u017eu laik\u0101.<br \/>\nIzm\u0113rs: (125 x 160 mm)<\/p>","protected":false},"excerpt":{"rendered":"<p><span style=\"font-weight: 400;\">Krist\u0101lu uzl\u012bmes paredz\u0113tas sejas un \u0137erme\u0146a izrot\u0101\u0161anai. Krist\u0101lu uzl\u012bmes ir viegli piel\u012bm\u0113jamas pie \u0101das, ar t\u0101m var papildin\u0101t \u012bslaic\u012bgos tetov\u0113jumus un t\u0101s ir notur\u012bgas ar\u012b lietojot uz kosm\u0113tikas. P\u0113c lieto\u0161anas t\u0101s ieteicams not\u012br\u012bt un piel\u012bm\u0113t atpaka\u013c pie plastik\u0101ta lapas, lai t\u0101s b\u016btu iesp\u0113jams lietot atk\u0101rtoti. P\u0113c vair\u0101kk\u0101rt\u0113jas lieto\u0161anas krist\u0101lu uzl\u012bmes var sazud\u0113t savu notur\u012bbu, tad t\u0101s iesp\u0113jams piel\u012bm\u0113t pie \u0137erme\u0146a, lietojot m\u0101ksl\u012bgo skropstu vai \u0137ermenim paredz\u0113tu l\u012bmi.<\/span><\/p>\n<p>Mekl\u0113 vair\u0101k bildes iedvesmai\u00a0<a href=\"https:\/\/www.instagram.com\/explore\/tags\/winktattoo\/\" target=\"_blank\" rel=\"noopener\">#winktattoo<\/a><\/p>\n<p>* BEZMAKSAS pieg\u0101de pirkumiem virs 20\u20ac<\/p>","protected":false},"featured_media":556,"comment_status":"closed","ping_status":"closed","template":"","meta":{"_acf_changed":false,"_kad_blocks_custom_css":"","_kad_blocks_head_custom_js":"","_kad_blocks_body_custom_js":"","_kad_blocks_footer_custom_js":""},"product_brand":[],"product_cat":[34,22,21],"product_tag":[],"class_list":{"0":"post-555","1":"product","2":"type-product","3":"status-publish","4":"has-post-thumbnail","6":"product_cat-crystal-body-stickers","7":"product_cat-sale","8":"product_cat-tattoo","9":"product_shipping_class-shipping-tattoos","11":"first","12":"instock","13":"purchasable","14":"product-type-simple"},"acf":[],"taxonomy_info":{"product_cat":[{"value":34,"label":"CRYSTAL BODY STICKERS"},{"value":22,"label":"SALE"},{"value":21,"label":"TATTOO"}]},"featured_image_src_large":["https:\/\/winktattoo.com\/wp-content\/uploads\/2023\/12\/Bling_1x-1-1024x1024.jpg",1024,1024,true],"author_info":[],"comment_info":0,"_links":{"self":[{"href":"https:\/\/winktattoo.com\/lv\/wp-json\/wp\/v2\/product\/555","targetHints":{"allow":["GET"]}}],"collection":[{"href":"https:\/\/winktattoo.com\/lv\/wp-json\/wp\/v2\/product"}],"about":[{"href":"https:\/\/winktattoo.com\/lv\/wp-json\/wp\/v2\/types\/product"}],"replies":[{"embeddable":true,"href":"https:\/\/winktattoo.com\/lv\/wp-json\/wp\/v2\/comments?post=555"}],"wp:featuredmedia":[{"embeddable":true,"href":"https:\/\/winktattoo.com\/lv\/wp-json\/wp\/v2\/media\/556"}],"wp:attachment":[{"href":"https:\/\/winktattoo.com\/lv\/wp-json\/wp\/v2\/media?parent=555"}],"wp:term":[{"taxonomy":"product_brand","embeddable":true,"href":"https:\/\/winktattoo.com\/lv\/wp-json\/wp\/v2\/product_brand?post=555"},{"taxonomy":"product_cat","embeddable":true,"href":"https:\/\/winktattoo.com\/lv\/wp-json\/wp\/v2\/product_cat?post=555"},{"taxonomy":"product_tag","embeddable":true,"href":"https:\/\/winktattoo.com\/lv\/wp-json\/wp\/v2\/product_tag?post=555"}],"curies":[{"name":"wp","href":"https:\/\/api.w.org\/{rel}","templated":true}]}}