{"id":447,"date":"2023-12-29T15:02:31","date_gmt":"2023-12-29T15:02:31","guid":{"rendered":"https:\/\/winktattoo.com\/product\/temporary-tattoo-romans-suta-wedding\/"},"modified":"2025-08-11T14:30:04","modified_gmt":"2025-08-11T14:30:04","slug":"temporary-tattoo-romans-suta-wedding","status":"publish","type":"product","link":"https:\/\/winktattoo.com\/lv\/products\/temporary-tattoo-romans-suta-wedding\/","title":{"rendered":"Romans Suta \u201cK\u0101zas\u201d"},"content":{"rendered":"<p>\u012aslaic\u012bgie tetov\u0113jumi ir piem\u0113roti k\u0101 pieaugu\u0161ajiem, t\u0101 ar\u012b b\u0113rniem. Tetov\u0113jumu var uzlikt uz \u0101das p\u0101ris min\u016b\u0161u laik\u0101 un tie tur\u0113sies vienu l\u012bdz piecas dienas.<br \/>\nIzm\u0113rs: 50 x 50 mm; 1,97 x 1,97 collas<\/p>","protected":false},"excerpt":{"rendered":"<p>\u012aslaic\u012bgais tetov\u0113jums \u201cK\u0100ZAS\u201d ir tapis sadarb\u012bb\u0101 ar Dekorat\u012bv\u0101s M\u0101kslas un Dizaina muzeju, par godu Romana Sutas 120. dzim\u0161anas dienai.\nDejojo\u0161ais v\u012brietis un sieviete simboliz\u0113 Latvie\u0161u k\u0101zu trad\u012bciju. \u0160is m\u012blo\u0161ais p\u0101ris ir bie\u017ei sastopams Sutas darbos, viens no polu\u0101r\u0101kajiem ir apgleznotais porcel\u0101na \u0161\u0137\u012bvis \u201cK\u0101zas\u201d. <em>&#8220;<\/em>Wedding&#8221;.<\/p>\n<p>Iepaz\u012bstiet latvie\u0161u m\u0101kslas darbus ar stilu!<\/p>\n<p>Mekl\u0113 vair\u0101k bildes iedvesmai\u00a0<a href=\"https:\/\/www.instagram.com\/explore\/tags\/winktattoo\/\" target=\"_blank\" rel=\"noopener\">#winktattoo<\/a><\/p>\n<p>* BEZMAKSAS pieg\u0101de pirkumiem virs 20\u20ac<\/p>","protected":false},"featured_media":448,"comment_status":"closed","ping_status":"closed","template":"","meta":{"_acf_changed":false,"_kad_blocks_custom_css":"","_kad_blocks_head_custom_js":"","_kad_blocks_body_custom_js":"","_kad_blocks_footer_custom_js":""},"product_brand":[],"product_cat":[27,21],"product_tag":[],"class_list":{"0":"post-447","1":"product","2":"type-product","3":"status-publish","4":"has-post-thumbnail","6":"product_cat-colorful","7":"product_cat-tattoo","8":"product_shipping_class-shipping-tattoos","10":"first","11":"instock","12":"purchasable","13":"product-type-simple"},"acf":[],"taxonomy_info":{"product_cat":[{"value":27,"label":"COLORFUL"},{"value":21,"label":"TATTOO"}]},"featured_image_src_large":["https:\/\/winktattoo.com\/wp-content\/uploads\/2023\/12\/SUTA_wedding-1024x1024.jpg",1024,1024,true],"author_info":[],"comment_info":0,"_links":{"self":[{"href":"https:\/\/winktattoo.com\/lv\/wp-json\/wp\/v2\/product\/447","targetHints":{"allow":["GET"]}}],"collection":[{"href":"https:\/\/winktattoo.com\/lv\/wp-json\/wp\/v2\/product"}],"about":[{"href":"https:\/\/winktattoo.com\/lv\/wp-json\/wp\/v2\/types\/product"}],"replies":[{"embeddable":true,"href":"https:\/\/winktattoo.com\/lv\/wp-json\/wp\/v2\/comments?post=447"}],"wp:featuredmedia":[{"embeddable":true,"href":"https:\/\/winktattoo.com\/lv\/wp-json\/wp\/v2\/media\/448"}],"wp:attachment":[{"href":"https:\/\/winktattoo.com\/lv\/wp-json\/wp\/v2\/media?parent=447"}],"wp:term":[{"taxonomy":"product_brand","embeddable":true,"href":"https:\/\/winktattoo.com\/lv\/wp-json\/wp\/v2\/product_brand?post=447"},{"taxonomy":"product_cat","embeddable":true,"href":"https:\/\/winktattoo.com\/lv\/wp-json\/wp\/v2\/product_cat?post=447"},{"taxonomy":"product_tag","embeddable":true,"href":"https:\/\/winktattoo.com\/lv\/wp-json\/wp\/v2\/product_tag?post=447"}],"curies":[{"name":"wp","href":"https:\/\/api.w.org\/{rel}","templated":true}]}}