{"id":439,"date":"2023-12-29T15:02:31","date_gmt":"2023-12-29T15:02:31","guid":{"rendered":"https:\/\/winktattoo.com\/product\/collection-art\/"},"modified":"2025-05-19T03:47:08","modified_gmt":"2025-05-19T03:47:08","slug":"collection-art","status":"publish","type":"product","link":"https:\/\/winktattoo.com\/lv\/products\/collection-art\/","title":{"rendered":"KOLEKCIJA M\u0100KSLA"},"content":{"rendered":"<p>\u012aslaic\u012bgie tetov\u0113jumi ir piem\u0113roti k\u0101 pieaugu\u0161ajiem, t\u0101 ar\u012b b\u0113rniem. Tetov\u0113jumu var uzlikt uz \u0101das p\u0101ris min\u016b\u0161u laik\u0101 un tie tur\u0113sies vienu l\u012bdz piecas dienas.<br \/>\nSize : A6 (148 x 105 mm; 5.8 x 4,1 inches)<\/p>","protected":false},"excerpt":{"rendered":"<p>WINK kolekcija \u201cM\u0101ksla\u201d ir izveidota sadarb\u012bb\u0101 ar Latvijas Nacion\u0101lo m\u0101kslas muzeju. Komplekts sast\u0101v no trim A6 izm\u0113ra tetov\u0113jumu loksn\u0113m, kur katra no t\u0101m ir izveidota no m\u0101kslas darbiem, kas atrodas katr\u0101 no zem\u0101k min\u0113tajiem muzejiem:<\/p>\n<p>Latvijas Nacion\u0101lais m\u0101kslas muzejs \u2013 tetov\u0113jumos ir sievi\u0161\u0137\u012bgi simboli, kas ir tapu\u0161i k\u0101 iedvesmas avots daudziem m\u0101ksliniekiem, k\u0101 piem\u0113ram, J\u0101\u0146a Rozent\u0101la \/ m\u0101kslas darbam \u201cPrincese ar p\u0113rti\u0137i\u201d; <em>Janis Rozentals<\/em> \/ artwork <em>&#8220;Princess with monkey&#8221;<\/em> etc;<\/p>\n<p>M\u0101kslas muzejs R\u012aGAS BIR\u017dA \u2013 dizains ir izveidots, iedvesmojoties no 17. gadsimta fragmentiem no kr\u0101sainiem ziediem un aug\u013cu kompoz\u012bcij\u0101m;<\/p>\n<p class=\"translation-block\">Dekorat\u012bv\u0101s m\u0101kslas un dizaina muzejs \u2013 tetov\u0113jumos ir da\u017e\u0101di fragmenti no slaven\u0101kajiem Latvijas atbr\u012bvo\u0161anas m\u0101kslas darbiem. Dizainam iedvesmoju\u0161i: An\u0161a Ciru\u013ca, Rom\u0101na Sutas un J\u016blija Straumes meistardarbi.<\/p>\n<p>Iepaz\u012bstiet latvie\u0161u m\u0101kslas darbus ar stilu!<\/p>\n<p>Tetov\u0113jumu dizainu autore:\u00a0<a href=\"https:\/\/winktattoo.com\/lv\/about-us\/#Kristiana-Dave\" target=\"_blank\" rel=\"noopener\">Kristiana Dave<\/a><\/p>\n<p>Mekl\u0113 vair\u0101k bildes iedvesmai\u00a0<a href=\"https:\/\/www.instagram.com\/explore\/tags\/winktattoo\/\" target=\"_blank\" rel=\"noopener\">#winktattoo<\/a><\/p>\n<p>* BEZMAKSAS pieg\u0101de pirkumiem virs 20\u20ac<\/p>","protected":false},"featured_media":440,"comment_status":"closed","ping_status":"closed","template":"","meta":{"_acf_changed":false,"_kad_blocks_custom_css":"","_kad_blocks_head_custom_js":"","_kad_blocks_body_custom_js":"","_kad_blocks_footer_custom_js":""},"product_brand":[],"product_cat":[27,22,21],"product_tag":[],"class_list":{"0":"post-439","1":"product","2":"type-product","3":"status-publish","4":"has-post-thumbnail","6":"product_cat-colorful","7":"product_cat-sale","8":"product_cat-tattoo","9":"product_shipping_class-shipping-tattoos","11":"first","12":"outofstock","13":"purchasable","14":"product-type-simple"},"acf":[],"taxonomy_info":{"product_cat":[{"value":27,"label":"COLORFUL"},{"value":22,"label":"SALE"},{"value":21,"label":"TATTOO"}]},"featured_image_src_large":["https:\/\/winktattoo.com\/wp-content\/uploads\/2023\/12\/art-temporary-tattoos-1024x1024.jpg",1024,1024,true],"author_info":[],"comment_info":0,"_links":{"self":[{"href":"https:\/\/winktattoo.com\/lv\/wp-json\/wp\/v2\/product\/439","targetHints":{"allow":["GET"]}}],"collection":[{"href":"https:\/\/winktattoo.com\/lv\/wp-json\/wp\/v2\/product"}],"about":[{"href":"https:\/\/winktattoo.com\/lv\/wp-json\/wp\/v2\/types\/product"}],"replies":[{"embeddable":true,"href":"https:\/\/winktattoo.com\/lv\/wp-json\/wp\/v2\/comments?post=439"}],"wp:featuredmedia":[{"embeddable":true,"href":"https:\/\/winktattoo.com\/lv\/wp-json\/wp\/v2\/media\/440"}],"wp:attachment":[{"href":"https:\/\/winktattoo.com\/lv\/wp-json\/wp\/v2\/media?parent=439"}],"wp:term":[{"taxonomy":"product_brand","embeddable":true,"href":"https:\/\/winktattoo.com\/lv\/wp-json\/wp\/v2\/product_brand?post=439"},{"taxonomy":"product_cat","embeddable":true,"href":"https:\/\/winktattoo.com\/lv\/wp-json\/wp\/v2\/product_cat?post=439"},{"taxonomy":"product_tag","embeddable":true,"href":"https:\/\/winktattoo.com\/lv\/wp-json\/wp\/v2\/product_tag?post=439"}],"curies":[{"name":"wp","href":"https:\/\/api.w.org\/{rel}","templated":true}]}}