{"id":272,"date":"2023-12-29T14:59:04","date_gmt":"2023-12-29T14:59:04","guid":{"rendered":"https:\/\/winktattoo.com\/product\/living-beings\/"},"modified":"2026-03-23T18:24:15","modified_gmt":"2026-03-23T18:24:15","slug":"living-beings","status":"publish","type":"product","link":"https:\/\/winktattoo.com\/lv\/products\/living-beings\/","title":{"rendered":"DABA MELNBALTA"},"content":{"rendered":"<p><span style=\"font-weight: 400;\">\u012aslaic\u012bgie tetov\u0113jumi ir piem\u0113roti k\u0101 pieaugu\u0161ajiem, t\u0101 ar\u012b b\u0113rniem. Tetov\u0113jumu var uzlikt uz \u0101das p\u0101ris min\u016b\u0161u laik\u0101 un tie tur\u0113sies vienu l\u012bdz piecas dienas.<\/span><\/p>\n<p><span style=\"font-weight: 400;\">Izm\u0113rs: A5 (148 x 210 mm; 5.8 x 8.3 collas)<\/span><\/p>","protected":false},"excerpt":{"rendered":"<p>Tetov\u0113jumu dizainu autore: <a href=\"\/lv\/about-us\/#Kristiana-Dave\" target=\"_blank\" rel=\"noopener\">Kristiana Dave<\/a><\/p>\n<p>Mekl\u0113 vair\u0101k bildes iedvesmai <a href=\"https:\/\/www.instagram.com\/explore\/tags\/winktattoo\/\" target=\"_blank\" rel=\"noopener\">#winktattoo <\/a><\/p>\n<p>* BEZMAKSAS pieg\u0101de pirkumiem virs 20\u20ac<\/p>","protected":false},"featured_media":228,"comment_status":"closed","ping_status":"closed","template":"","meta":{"_acf_changed":false,"_kad_blocks_custom_css":"","_kad_blocks_head_custom_js":"","_kad_blocks_body_custom_js":"","_kad_blocks_footer_custom_js":""},"product_brand":[],"product_cat":[25,26,22,21],"product_tag":[],"class_list":{"0":"post-272","1":"product","2":"type-product","3":"status-publish","4":"has-post-thumbnail","6":"product_cat-bestsellers","7":"product_cat-black-white","8":"product_cat-sale","9":"product_cat-tattoo","10":"product_shipping_class-shipping-tattoos","12":"first","13":"instock","14":"purchasable","15":"product-type-simple"},"acf":[],"taxonomy_info":{"product_cat":[{"value":25,"label":"Bestsellers"},{"value":26,"label":"BLACK &amp; WHITE"},{"value":22,"label":"SALE"},{"value":21,"label":"TATTOO"}]},"featured_image_src_large":["https:\/\/winktattoo.com\/wp-content\/uploads\/2023\/12\/ETNO_mb_daba-1024x1024.jpg",1024,1024,true],"author_info":[],"comment_info":0,"_links":{"self":[{"href":"https:\/\/winktattoo.com\/lv\/wp-json\/wp\/v2\/product\/272","targetHints":{"allow":["GET"]}}],"collection":[{"href":"https:\/\/winktattoo.com\/lv\/wp-json\/wp\/v2\/product"}],"about":[{"href":"https:\/\/winktattoo.com\/lv\/wp-json\/wp\/v2\/types\/product"}],"replies":[{"embeddable":true,"href":"https:\/\/winktattoo.com\/lv\/wp-json\/wp\/v2\/comments?post=272"}],"wp:featuredmedia":[{"embeddable":true,"href":"https:\/\/winktattoo.com\/lv\/wp-json\/wp\/v2\/media\/228"}],"wp:attachment":[{"href":"https:\/\/winktattoo.com\/lv\/wp-json\/wp\/v2\/media?parent=272"}],"wp:term":[{"taxonomy":"product_brand","embeddable":true,"href":"https:\/\/winktattoo.com\/lv\/wp-json\/wp\/v2\/product_brand?post=272"},{"taxonomy":"product_cat","embeddable":true,"href":"https:\/\/winktattoo.com\/lv\/wp-json\/wp\/v2\/product_cat?post=272"},{"taxonomy":"product_tag","embeddable":true,"href":"https:\/\/winktattoo.com\/lv\/wp-json\/wp\/v2\/product_tag?post=272"}],"curies":[{"name":"wp","href":"https:\/\/api.w.org\/{rel}","templated":true}]}}