{"id":3,"date":"2023-12-28T14:02:24","date_gmt":"2023-12-28T14:02:24","guid":{"rendered":"https:\/\/winktattoo.com\/?page_id=3"},"modified":"2024-01-24T14:32:25","modified_gmt":"2024-01-24T14:32:25","slug":"privacy-policy","status":"publish","type":"page","link":"https:\/\/winktattoo.com\/lv\/privacy-policy\/","title":{"rendered":"PRIV\u0100TUMA POLITIKA"},"content":{"rendered":"<style>.kadence-column3_1cd79c-a1 > .kt-inside-inner-col{display:flex;}.kadence-column3_1cd79c-a1 > .kt-inside-inner-col,.kadence-column3_1cd79c-a1 > .kt-inside-inner-col:before{border-top-left-radius:0px;border-top-right-radius:0px;border-bottom-right-radius:0px;border-bottom-left-radius:0px;}.kadence-column3_1cd79c-a1 > .kt-inside-inner-col{row-gap:16px;column-gap:var(--global-kb-gap-sm, 1rem);}.kadence-column3_1cd79c-a1 > .kt-inside-inner-col{flex-direction:column;}.kadence-column3_1cd79c-a1 > .kt-inside-inner-col > .aligncenter{width:100%;}.kadence-column3_1cd79c-a1 > .kt-inside-inner-col:before{opacity:0.3;}.kadence-column3_1cd79c-a1{position:relative;}@media all and (max-width: 1024px){.kadence-column3_1cd79c-a1 > .kt-inside-inner-col{flex-direction:column;justify-content:center;}}@media all and (max-width: 767px){.kadence-column3_1cd79c-a1 > .kt-inside-inner-col{flex-direction:column;justify-content:center;}}<\/style>\n<div class=\"wp-block-kadence-column kadence-column3_1cd79c-a1\"><div class=\"kt-inside-inner-col\">\n<p>Priv\u0101tuma politika nosaka k\u0101 WINK lieto un aizsarg\u0101 Tavus datus, kas tiek ieg\u016bti lietojot WINK m\u0101jas lapu. WINK ap\u0146emas nodro\u0161in\u0101t, ka Tavs priv\u0101tums ir aizsarg\u0101ts. M\u0113s varam l\u016bgt iesniegt inform\u0101ciju, kas v\u0113l\u0101k var tikt izmantota, lai identific\u0113tu j\u016bs, kad lietojiet WINK m\u0101jas lapu un tas ir saska\u0146\u0101 ar priv\u0101tuma politikas principiem. WINK var veikt izmai\u0146as priv\u0101tuma politikas uzst\u0101d\u012bjumos, t\u0101p\u0113c l\u016bgums laiku pa laikam p\u0101rbaud\u012bt uzst\u0101d\u012bjumus, lai p\u0101rliecin\u0101tos vai joproj\u0101m esat apmierin\u0101ts ar m\u016bsu veiktaj\u0101m izmai\u0146\u0101m.<\/p>\n\n\n\n<p><strong>\/\/ K\u0101du inform\u0101ciju m\u0113s varam l\u016bgt:<\/strong><\/p>\n\n\n\n<p>M\u0113s varam apkopot \u0161\u0101du inform\u0101ciju:<\/p>\n\n\n\n<ul class=\"wp-block-list\">\n<li>V\u0101rdu.<\/li>\n\n\n\n<li>Kontaktinform\u0101ciju, iek\u013caujot epasta adresi.<\/li>\n\n\n\n<li>Demogr\u0101fisko inform\u0101ciju.<\/li>\n\n\n\n<li>Citu noder\u012bgu inform\u0101ciju saist\u012btu ar klientu aptauj\u0101m un\/vai \u012bpa\u0161ajiem pied\u0101v\u0101jumiem.<\/li>\n<\/ul>\n\n\n\n<p><strong>\/\/ Ko m\u0113s dar\u0101m ar ieg\u016bto inform\u0101ciju:<\/strong><\/p>\n\n\n\n<p>M\u0113s pras\u0101m \u0161o inform\u0101ciju, lai lab\u0101k saprastu J\u016bsu vajadz\u012bbas un var\u0113tu nodro\u0161in\u0101t lab\u0101ku klientu servisu, liel\u0101koties \u0161o iemeslu d\u0113\u013c:<\/p>\n\n\n\n<ul class=\"wp-block-list\">\n<li>Iek\u0161\u0113jai uzskaitei.<\/li>\n\n\n\n<li>Pre\u010du un pakalpojumu kvalit\u0101tes uzlabo\u0161anai.<\/li>\n\n\n\n<li>Infromat\u012bvos nol\u016bkos, epastu nos\u016bt\u012b\u0161anai par jaunajiem produktiem, \u012bpa\u0161ajiem pied\u0101v\u0101jumiem un citu inform\u0101ciju, kas var\u0113tu b\u016bt Jums saisto\u0161a.<\/li>\n\n\n\n<li>M\u0101rketinga izp\u0113tes nol\u016bkos. Lai sazin\u0101tos ar jums pa telefonu, epastu vai faksu. \u0160o inform\u0101ciju m\u0113s apkopotu, lai m\u0101jas lapu padar\u012btu atbilsto\u0161\u0101ku j\u016bsu interes\u0113m.<\/li>\n<\/ul>\n\n\n\n<p><strong>\/\/ Dro\u0161\u012bba<\/strong><\/p>\n\n\n\n<p>M\u0113s garant\u0113jam, ka J\u016bsu sniegt\u0101 inform\u0101cija ir dro\u0161\u012bb\u0101. Lai izsl\u0113gtu neat\u013cautu piek\u013cuvi datiem, m\u0113s esam veiku\u0161i atbilsto\u0161as fiziskas un elektroniskas proced\u016bras, kas aizsarg\u0101 tie\u0161saist\u0113 ieg\u016bto inform\u0101ciju.<\/p>\n\n\n\n<p><strong>\/\/ K\u0101 m\u0113s lietojam s\u012bkdatnes:<\/strong><\/p>\n\n\n\n<p>S\u012bkdatnes ir neliels fails, kur\u0161 ar J\u016bsu at\u013cauju tiek saglab\u0101ts J\u016bsu datora cietaj\u0101 disk\u0101. Tas \u013cauj analiz\u0113t t\u012bmek\u013ca lieto\u0161anas paradumus un dara Jums zin\u0101mu, kad apmekl\u0113jat interneta vietnes. S\u012bkdatnes \u013cauj t\u012bmek\u013ca lietojumprogramm\u0101m uztvert J\u016bs k\u0101 idividu\u0101lu interneta lietot\u0101ju. T\u012bmek\u013ca lietojumprogramma var piel\u0101got savu darb\u012bbu atbilsto\u0161i J\u016bsu vajadz\u012bb\u0101m un interes\u0113m, iev\u0101cot infrom\u0101ciju par j\u016bsu darb\u012bb\u0101m lietojot t\u012bmekli.<\/p>\n\n\n\n<p>M\u0113s izmantojam s\u012bkdatnes, kas \u013cauj identific\u0113t k\u0101das m\u0101jas lapas tiek lietotas. Tas mums pal\u012bdz izanaliz\u0113t un uzlabot m\u016bsu m\u0101jas lapu atbilsto\u0161i J\u016bsu vajadz\u012bb\u0101m. M\u0113s \u0161o inform\u0101ciju izmantojam tikai statistikas anal\u012btizei un p\u0113c tam \u0161ie dati tiek izdz\u0113sti no sist\u0113mas.<\/p>\n\n\n\n<p>Kopum\u0101 s\u012bkdatnes pal\u012bdz izprast, k\u0101das m\u0101jas lapas J\u016bs interes\u0113 vair\u0101k, t\u0101dej\u0101di m\u0113s varam nodro\u0161in\u0101t kvalitat\u012bv\u0101ku WINK m\u0101jas lapuas saturu atbilsto\u0161i J\u016bsu v\u0113lm\u0113m. S\u012bkdatnes nedod mums iesp\u0113ju piek\u013c\u016bt J\u016bsu datoram vai jebk\u0101dai citai infrom\u0101cijai par Jums. Jums ir iesp\u0113ja piekrist vai nepiekrist s\u012bkdat\u0146u lieto\u0161anai. P\u0101rl\u016bkprogramma autom\u0101tiksi akcept\u0113 s\u012bkdat\u0146u lieto\u0161anu, bet J\u016bs varat main\u012bt p\u0101rl\u016bkrpogrammas uzst\u0101d\u012bjumus, lai s\u012bkdatnes tiktu blo\u0137\u0113tas. S\u012bkdat\u0146u blo\u0137\u0113\u0161ana var novest pie nepiln\u012bgas m\u0101jas lapas att\u0113lo\u0161anas.<\/p>\n\n\n\n<p><strong>\/\/ Saites uz cit\u0101m m\u0101jas lap\u0101m:<\/strong><\/p>\n\n\n\n<p>WINK m\u0101jas lap\u0101 var b\u016bt saites uz cit\u0101m saisto\u0161\u0101m m\u0101jas lap\u0101m. Apmekl\u0113jot savienoto m\u0101jas lapu, WINK neuz\u0146emas atbild\u012bbu par \u0161\u012bs m\u0101jas lapas priv\u0101tuma politiku.<\/p>\n<\/div><\/div>","protected":false},"excerpt":{"rendered":"<p>This privacy policy sets out how WINK&nbsp;uses and protects any information that you give WINK&nbsp;when you use this website. WINK is committed to ensuring that your privacy is protected. We ask you to provide certain information by which you can be identified when using this website, then you can be assured that it will only [&hellip;]<\/p>\n","protected":false},"author":1,"featured_media":0,"parent":0,"menu_order":0,"comment_status":"closed","ping_status":"open","template":"","meta":{"_acf_changed":false,"_kad_blocks_custom_css":"","_kad_blocks_head_custom_js":"","_kad_blocks_body_custom_js":"","_kad_blocks_footer_custom_js":"","footnotes":""},"class_list":["post-3","page","type-page","status-publish","hentry"],"blocksy_meta":[],"acf":[],"taxonomy_info":[],"featured_image_src_large":false,"author_info":{"display_name":"Kristiana","author_link":"https:\/\/winktattoo.com\/lv\/author\/kristiana\/"},"comment_info":0,"_links":{"self":[{"href":"https:\/\/winktattoo.com\/lv\/wp-json\/wp\/v2\/pages\/3","targetHints":{"allow":["GET"]}}],"collection":[{"href":"https:\/\/winktattoo.com\/lv\/wp-json\/wp\/v2\/pages"}],"about":[{"href":"https:\/\/winktattoo.com\/lv\/wp-json\/wp\/v2\/types\/page"}],"author":[{"embeddable":true,"href":"https:\/\/winktattoo.com\/lv\/wp-json\/wp\/v2\/users\/1"}],"replies":[{"embeddable":true,"href":"https:\/\/winktattoo.com\/lv\/wp-json\/wp\/v2\/comments?post=3"}],"version-history":[{"count":2,"href":"https:\/\/winktattoo.com\/lv\/wp-json\/wp\/v2\/pages\/3\/revisions"}],"predecessor-version":[{"id":1373,"href":"https:\/\/winktattoo.com\/lv\/wp-json\/wp\/v2\/pages\/3\/revisions\/1373"}],"wp:attachment":[{"href":"https:\/\/winktattoo.com\/lv\/wp-json\/wp\/v2\/media?parent=3"}],"curies":[{"name":"wp","href":"https:\/\/api.w.org\/{rel}","templated":true}]}}