{"id":1177,"date":"2024-01-03T15:44:27","date_gmt":"2024-01-03T15:44:27","guid":{"rendered":"https:\/\/winktattoo.com\/?page_id=1177"},"modified":"2024-01-24T14:40:48","modified_gmt":"2024-01-24T14:40:48","slug":"terms-and-conditions","status":"publish","type":"page","link":"https:\/\/winktattoo.com\/lv\/terms-and-conditions\/","title":{"rendered":"Noteikumi"},"content":{"rendered":"<style>.kadence-column1177_6ac80d-03 > .kt-inside-inner-col{display:flex;}.kadence-column1177_6ac80d-03 > .kt-inside-inner-col,.kadence-column1177_6ac80d-03 > .kt-inside-inner-col:before{border-top-left-radius:0px;border-top-right-radius:0px;border-bottom-right-radius:0px;border-bottom-left-radius:0px;}.kadence-column1177_6ac80d-03 > .kt-inside-inner-col{row-gap:16px;column-gap:var(--global-kb-gap-sm, 1rem);}.kadence-column1177_6ac80d-03 > .kt-inside-inner-col{flex-direction:column;}.kadence-column1177_6ac80d-03 > .kt-inside-inner-col > .aligncenter{width:100%;}.kadence-column1177_6ac80d-03 > .kt-inside-inner-col:before{opacity:0.3;}.kadence-column1177_6ac80d-03{position:relative;}@media all and (max-width: 1024px){.kadence-column1177_6ac80d-03 > .kt-inside-inner-col{flex-direction:column;justify-content:center;}}@media all and (max-width: 767px){.kadence-column1177_6ac80d-03 > .kt-inside-inner-col{flex-direction:column;justify-content:center;}}<\/style>\n<div class=\"wp-block-kadence-column kadence-column1177_6ac80d-03\"><div class=\"kt-inside-inner-col\">\n<p><strong>\/\/ Maks\u0101jumi<\/strong><\/p>\n\n\n\n<p>M\u0113s pie\u0146emam nor\u0113\u0137inus ar kred\u012btkart\u0113m k\u0101 ar\u012b, izmantojot PayPal.<\/p>\n\n\n\n<p>Visas cenas ir nor\u0101d\u012btas eiro, iek\u013caujot 21% Latvijas PVN likmi. Cenas nav apsprie\u017eamas. Cenas var main\u012bties, bet tas neattiecas uz pas\u016bt\u012bjumiem, kas jau ir veikti un kad ir sa\u0146emts pirkuma apstiprin\u0101juma epasts.<\/p>\n\n\n\n<p>P\u0113c tam, kad tiek veikts pirkums, no kartes tiek iekas\u0113ta nauda un J\u016bs sa\u0146emsiet autom\u0101tiksi izveidotu epastu par pirkuma apstiprin\u0101jumu. Nauda tiks iekas\u0113ta tikai par prec\u0113m, kuras ir ieg\u0101d\u0101tas un par pieg\u0101di. WINK nav atbild\u012bgi par bankas sist\u0113mas k\u013c\u016bd\u0101m, veicot maks\u0101jumu.<\/p>\n\n\n\n<p><strong>\/\/ Pieg\u0101de<\/strong><\/p>\n\n\n\n<p>M\u0113s pied\u0101v\u0101jam standarta pieg\u0101di. Standarta pieg\u0101de Latvij\u0101 ir 5-7 darba dienas, Eirop\u0101 10-14 dien\u0101s, bet cit\u0101s valst\u012bs pieg\u0101des laiks ir 14-21 darba dienas.<\/p>\n\n\n\n<p>M\u0113s cen\u0161amies veikt pieg\u0101di noteiktajos laikos, tom\u0113r ir iesp\u0113jama pieg\u0101des aizkav\u0113\u0161an\u0101s ar WINK nesaist\u012btu apst\u0101k\u013cu d\u0113\u013c . \u0160\u0101dos gad\u012bjumos WINK nenes atbild\u012bbu par pieg\u0101des aizkav\u0113\u0161anos vai pieg\u0101d\u0101tu boj\u0101tu preci. \u0160\u0101dos apst\u0101k\u013cos papildu pieg\u0101des izmaksas parasti netiek atmaks\u0101tas.<\/p>\n\n\n\n<p>Visi pirkumi tiek apstr\u0101d\u0101ti un izs\u016bt\u012bti 2 darba dienu laik\u0101 p\u0113c tam, kad ir sa\u0146emta pas\u016bt\u012bjuma apmaksa.<\/p>\n\n\n\n<p>Ja pas\u016bt\u012bjuma sa\u0146\u0113m\u0113ja nor\u0101d\u012bt\u0101 adrese nav Eiropas Savien\u012bbas teritorij\u0101, past\u0101v iesp\u0113ja, ka tiks piem\u0113rota papildus eksporta vai viet\u0113j\u0101 PVN maksa, par ko WINK atbild\u012bbu neuz\u0146emas.<\/p>\n\n\n\n<p>\/\/ Atgrie\u0161ana un apmai\u0146a<\/p>\n\n\n\n<p>WINK pied\u0101v\u0101 pre\u010du apmai\u0146u tikai gad\u012bjum\u0101, ja prece ir boj\u0101ta vai t\u0101 izskat\u0101s cit\u0101d\u0101k nek\u0101 nor\u0101d\u012bts att\u0113l\u0101.<\/p>\n\n\n\n<p>Pre\u010du apmai\u0146a ir iesp\u0113jama 14 dienu laik\u0101 p\u0113c preces ieg\u0101des. Preces apmai\u0146ai j\u0101b\u016bt saska\u0146otai ar WINK. Atgrie\u017eot preci, tai ir j\u0101b\u016bt ori\u0123in\u0101laj\u0101 iepakojum\u0101 un nelietotai. Atl\u012bdzin\u0101\u0161anas maksa var tik piem\u0113rota visiem pas\u016bt\u012bjumiem, kas ir sa\u0146emti boj\u0101ti. Pieg\u0101des maksa netiek atgriezta un atgrie\u0161anas izmaksas sedz klients. Preci nav iesp\u0113jams atgriezt v\u0113l\u0101k k\u0101 14 dienas p\u0113c to sa\u0146em\u0161anas nor\u0101d\u012btaj\u0101 adres\u0113.<\/p>\n\n\n\n<p>Internacion\u0101lajiem pas\u016bt\u012bjumiem pre\u010du mai\u0146a ir iesp\u0113jama tikai, ja klients sedz pieg\u0101des izmaksas abos s\u016bt\u012banas virzienos.<\/p>\n\n\n\n<p>Individu\u0101lie pas\u016bt\u012bjumi, atv\u0113rtas preces un preces, kas tiek atgrieztas bez ori\u0123in\u0101l\u0101 iepakojuma, k\u0101 ar\u012b izp\u0101rdo\u0161anas preces un preces, kas ir atz\u012bm\u0113t\u0101s k\u0101 \u201cfin\u0101la izpardo\u0161anas\u201d preces, nav atgrie\u017eamas.<\/p>\n\n\n\n<p>Visas atz\u012bm\u0113t\u0101s preces vai preces, kas ir \u201cizp\u0101rdo\u0161anas preces\u201d tiek uzskat\u012btas k\u0101 \u201cfin\u0101la izp\u0101rdo\u0161anas\u201d preces un t\u0101m nav iesp\u0113jams veikt pre\u010du apmai\u0146u.<\/p>\n\n\n\n<p>Lai veiktu apmai\u0146u, Jums ir nepiecie\u0161ams WINK apstiprin\u0101jums. L\u016bdzu, rakstiet mums epastu uz info@winktattoo.com, nor\u0101dot pirkuma numuru, preces, kuras v\u0113laties atgriezt un m\u0113s ar jums sazin\u0101simies.<\/p>\n\n\n\n<p><strong>Iedz\u012bvot\u0101jiem \u0101rpus EU:<\/strong>&nbsp;Uz pakas j\u0101b\u016bt atz\u012bmei \u201catgriezt komerci\u0101lu paraugu\u201d un pievienotam r\u0113\u0137inam, ko esat sa\u0146\u0113mu\u0161i no WINK, pret\u0113j\u0101 gad\u012bjum\u0101 WINK tiks piem\u0113roti muitas nodok\u013ci, kas p\u0113c tam tiks piepras\u012bti no Jums.<\/p>\n\n\n\n<p>Individu\u0101lie pas\u016bt\u012bjumi, atv\u0113rtas preces un preces, kas tiek atgrieztas bez ori\u0123in\u0101l\u0101 iepakojuma, k\u0101 ar\u012b izp\u0101rdo\u0161anas preces un preces, kas ir atz\u012bm\u0113t\u0101s k\u0101 \u201cfin\u0101la izpardo\u0161anas\u201d preces, nav atgrie\u017eamas.<\/p>\n\n\n\n<p>\/\/ Intelektu\u0101lais \u012bpa\u0161ums<\/p>\n\n\n\n<p>M\u0101jas lapa un visi t\u0101s apka\u0161dom\u0113ni ir WINK intelektu\u0101lais \u012bpa\u0161ums. Ne tetov\u0113juma lapa piln\u012bb\u0101, ne atsevi\u0161\u0137a t\u0101s deta\u013ca vai z\u012bm\u0113jums nevar tikt izmantoti bez WINK at\u013caujas.<\/p>\n\n\n\n<p>\/\/ Priv\u0101tums<\/p>\n\n\n\n<p>Personisk\u0101 inform\u0101cija tiks sagalb\u0101ta un aizsarg\u0101ta, nekad netiks izpausta tre\u0161aj\u0101m person\u0101m un tiks izmantota, lai pieg\u0101d\u0101tu Jums preci.<\/p>\n\n\n\n<p>\/\/ Visas ties\u012bbas aizsarg\u0101tas<br>Visa pieejam\u0101 inform\u0101cija WINK m\u0101jas lap\u0101&nbsp;<a href=\"https:\/\/winktattoo.com\/lv\/\">www.winktattoo.com<\/a>&nbsp; ir aizsarg\u0101ta ar autorties\u012bbu likumu. T\u0101 nedr\u012bkst tikt izmantota jebk\u0101diem m\u0113r\u0137iem, l\u012bdz WINK nav izdevis skaidru rakstisku at\u013cauju.<\/p>\n<\/div><\/div>","protected":false},"excerpt":{"rendered":"<p>\/\/ Payment At the moment we accept Paypal and Credit Cards. All prices are shown in Euro, including Latvian VAT of 21% and exclusive shipping costs. Prices are non-negotiable. Prices are liable to change at any time, but changes will not affect orders in respect of which we have already sent you a Confirmation Email. [&hellip;]<\/p>\n","protected":false},"author":1,"featured_media":0,"parent":0,"menu_order":0,"comment_status":"closed","ping_status":"closed","template":"","meta":{"_acf_changed":false,"_kad_blocks_custom_css":"","_kad_blocks_head_custom_js":"","_kad_blocks_body_custom_js":"","_kad_blocks_footer_custom_js":"","footnotes":""},"class_list":["post-1177","page","type-page","status-publish","hentry"],"blocksy_meta":[],"acf":[],"taxonomy_info":[],"featured_image_src_large":false,"author_info":{"display_name":"Kristiana","author_link":"https:\/\/winktattoo.com\/lv\/author\/kristiana\/"},"comment_info":0,"_links":{"self":[{"href":"https:\/\/winktattoo.com\/lv\/wp-json\/wp\/v2\/pages\/1177","targetHints":{"allow":["GET"]}}],"collection":[{"href":"https:\/\/winktattoo.com\/lv\/wp-json\/wp\/v2\/pages"}],"about":[{"href":"https:\/\/winktattoo.com\/lv\/wp-json\/wp\/v2\/types\/page"}],"author":[{"embeddable":true,"href":"https:\/\/winktattoo.com\/lv\/wp-json\/wp\/v2\/users\/1"}],"replies":[{"embeddable":true,"href":"https:\/\/winktattoo.com\/lv\/wp-json\/wp\/v2\/comments?post=1177"}],"version-history":[{"count":2,"href":"https:\/\/winktattoo.com\/lv\/wp-json\/wp\/v2\/pages\/1177\/revisions"}],"predecessor-version":[{"id":1375,"href":"https:\/\/winktattoo.com\/lv\/wp-json\/wp\/v2\/pages\/1177\/revisions\/1375"}],"wp:attachment":[{"href":"https:\/\/winktattoo.com\/lv\/wp-json\/wp\/v2\/media?parent=1177"}],"curies":[{"name":"wp","href":"https:\/\/api.w.org\/{rel}","templated":true}]}}