{"id":1173,"date":"2024-01-03T15:42:50","date_gmt":"2024-01-03T15:42:50","guid":{"rendered":"https:\/\/winktattoo.com\/?page_id=1173"},"modified":"2024-01-24T14:37:42","modified_gmt":"2024-01-24T14:37:42","slug":"returns-and-exchange","status":"publish","type":"page","link":"https:\/\/winktattoo.com\/lv\/returns-and-exchange\/","title":{"rendered":"ATGRIE\u0160ANA UN APMAI\u0145A"},"content":{"rendered":"<style>.kadence-column1173_4c70a5-97 > .kt-inside-inner-col{display:flex;}.kadence-column1173_4c70a5-97 > .kt-inside-inner-col,.kadence-column1173_4c70a5-97 > .kt-inside-inner-col:before{border-top-left-radius:0px;border-top-right-radius:0px;border-bottom-right-radius:0px;border-bottom-left-radius:0px;}.kadence-column1173_4c70a5-97 > .kt-inside-inner-col{row-gap:16px;column-gap:var(--global-kb-gap-sm, 1rem);}.kadence-column1173_4c70a5-97 > .kt-inside-inner-col{flex-direction:column;}.kadence-column1173_4c70a5-97 > .kt-inside-inner-col > .aligncenter{width:100%;}.kadence-column1173_4c70a5-97 > .kt-inside-inner-col:before{opacity:0.3;}.kadence-column1173_4c70a5-97{position:relative;}@media all and (max-width: 1024px){.kadence-column1173_4c70a5-97 > .kt-inside-inner-col{flex-direction:column;justify-content:center;}}@media all and (max-width: 767px){.kadence-column1173_4c70a5-97 > .kt-inside-inner-col{flex-direction:column;justify-content:center;}}<\/style>\n<div class=\"wp-block-kadence-column kadence-column1173_4c70a5-97\"><div class=\"kt-inside-inner-col\">\n<p>WINK pied\u0101v\u0101 pre\u010du apmai\u0146u tikai gad\u012bjum\u0101, ja prece ir boj\u0101ta vai t\u0101 izskat\u0101s cit\u0101d\u0101k nek\u0101 nor\u0101d\u012bts att\u0113l\u0101.<\/p>\n\n\n\n<p>Pre\u010du apmai\u0146a ir iesp\u0113jama 14 dienu laik\u0101 p\u0113c preces ieg\u0101des. Preces apmai\u0146ai j\u0101b\u016bt saska\u0146otai ar WINK. Atgrie\u017eot preci, tai ir j\u0101b\u016bt ori\u0123in\u0101laj\u0101 iepakojum\u0101 un nelietotai. Atl\u012bdzin\u0101\u0161anas maksa var tik piem\u0113rota visiem pas\u016bt\u012bjumiem, kas ir sa\u0146emti boj\u0101ti. Pieg\u0101des maksa netiek atgriezta un atgrie\u0161anas izmaksas sedz klients. Preci nav iesp\u0113jams atgriezt v\u0113l\u0101k k\u0101 14 dienas p\u0113c to sa\u0146em\u0161anas nor\u0101d\u012btaj\u0101 adres\u0113.<\/p>\n\n\n\n<p>Internacion\u0101lajiem pas\u016bt\u012bjumiem pre\u010du mai\u0146a ir iesp\u0113jama tikai, ja klients sedz pieg\u0101des izmaksas abos s\u016bt\u012banas virzienos.<\/p>\n\n\n\n<p>Individu\u0101lie pas\u016bt\u012bjumi, atv\u0113rtas preces un preces, kas tiek atgrieztas bez ori\u0123in\u0101l\u0101 iepakojuma, k\u0101 ar\u012b izp\u0101rdo\u0161anas preces un preces, kas ir atz\u012bm\u0113t\u0101s k\u0101 \u201cfin\u0101la izpardo\u0161anas\u201d preces, nav atgrie\u017eamas.<\/p>\n\n\n\n<p>Visas atz\u012bm\u0113t\u0101s preces vai preces, kas ir \u201cizp\u0101rdo\u0161anas preces\u201d tiek uzskat\u012btas k\u0101 \u201cfin\u0101la izp\u0101rdo\u0161anas\u201d preces un t\u0101m nav iesp\u0113jams veikt pre\u010du apmai\u0146u.<\/p>\n\n\n\n<p>Lai veiktu apmai\u0146u, Jums ir nepiecie\u0161ams WINK apstiprin\u0101jums. L\u016bdzu, rakstiet mums epastu uz info@winktattoo.com, nor\u0101dot pirkuma numuru, preces, kuras v\u0113laties atgriezt un m\u0113s ar jums sazin\u0101simies.<\/p>\n\n\n\n<p>L\u016bgums atgrie\u0161anu veikt, izmantojot sertific\u0113tus s\u016bt\u012b\u0161anas pakalpojumus, re\u0123istr\u0113jot s\u016bt\u012bjumu ar izseko\u0161anas numuru.<\/p>\n\n\n\n<p>WINK TATTOO<br>Antonijas 6A-4<br>R\u012bga, Latvija<br>LV-1010<\/p>\n<\/div><\/div>","protected":false},"excerpt":{"rendered":"<p>We provide only exchanges if the product is damaged or differs as was shown in the picture. Exchanges are accepted within 14 days of receipt of your order. All exchanges must be approved by WINK. Items must be returned in original and unused condition with the original manufacturer\u2019s packaging if it was included. A restocking [&hellip;]<\/p>\n","protected":false},"author":1,"featured_media":0,"parent":0,"menu_order":0,"comment_status":"closed","ping_status":"closed","template":"","meta":{"_acf_changed":false,"_kad_blocks_custom_css":"","_kad_blocks_head_custom_js":"","_kad_blocks_body_custom_js":"","_kad_blocks_footer_custom_js":"","footnotes":""},"class_list":["post-1173","page","type-page","status-publish","hentry"],"blocksy_meta":[],"acf":[],"taxonomy_info":[],"featured_image_src_large":false,"author_info":{"display_name":"Kristiana","author_link":"https:\/\/winktattoo.com\/lv\/author\/kristiana\/"},"comment_info":0,"_links":{"self":[{"href":"https:\/\/winktattoo.com\/lv\/wp-json\/wp\/v2\/pages\/1173","targetHints":{"allow":["GET"]}}],"collection":[{"href":"https:\/\/winktattoo.com\/lv\/wp-json\/wp\/v2\/pages"}],"about":[{"href":"https:\/\/winktattoo.com\/lv\/wp-json\/wp\/v2\/types\/page"}],"author":[{"embeddable":true,"href":"https:\/\/winktattoo.com\/lv\/wp-json\/wp\/v2\/users\/1"}],"replies":[{"embeddable":true,"href":"https:\/\/winktattoo.com\/lv\/wp-json\/wp\/v2\/comments?post=1173"}],"version-history":[{"count":3,"href":"https:\/\/winktattoo.com\/lv\/wp-json\/wp\/v2\/pages\/1173\/revisions"}],"predecessor-version":[{"id":1374,"href":"https:\/\/winktattoo.com\/lv\/wp-json\/wp\/v2\/pages\/1173\/revisions\/1374"}],"wp:attachment":[{"href":"https:\/\/winktattoo.com\/lv\/wp-json\/wp\/v2\/media?parent=1173"}],"curies":[{"name":"wp","href":"https:\/\/api.w.org\/{rel}","templated":true}]}}