{"id":1168,"date":"2024-01-03T15:39:48","date_gmt":"2024-01-03T15:39:48","guid":{"rendered":"https:\/\/winktattoo.com\/?page_id=1168"},"modified":"2024-01-24T14:29:04","modified_gmt":"2024-01-24T14:29:04","slug":"where-to-buy","status":"publish","type":"page","link":"https:\/\/winktattoo.com\/lv\/where-to-buy\/","title":{"rendered":"KUR NOPIRKT"},"content":{"rendered":"<style>.kadence-column1168_d90711-24 > .kt-inside-inner-col{display:flex;}.kadence-column1168_d90711-24 > .kt-inside-inner-col,.kadence-column1168_d90711-24 > .kt-inside-inner-col:before{border-top-left-radius:0px;border-top-right-radius:0px;border-bottom-right-radius:0px;border-bottom-left-radius:0px;}.kadence-column1168_d90711-24 > .kt-inside-inner-col{row-gap:16px;column-gap:var(--global-kb-gap-sm, 1rem);}.kadence-column1168_d90711-24 > .kt-inside-inner-col{flex-direction:column;}.kadence-column1168_d90711-24 > .kt-inside-inner-col > .aligncenter{width:100%;}.kadence-column1168_d90711-24 > .kt-inside-inner-col:before{opacity:0.3;}.kadence-column1168_d90711-24{position:relative;}@media all and (max-width: 1024px){.kadence-column1168_d90711-24 > .kt-inside-inner-col{flex-direction:column;justify-content:center;}}@media all and (max-width: 767px){.kadence-column1168_d90711-24 > .kt-inside-inner-col{flex-direction:column;justify-content:center;}}<\/style>\n<div class=\"wp-block-kadence-column kadence-column1168_d90711-24\"><div class=\"kt-inside-inner-col\">\n<p>\u2022&nbsp;<a href=\"https:\/\/winktattoo.com\/lv\/produkta-kategorija\/shop\/\">E-veikal\u0101<\/a><\/p>\n\n\n\n<p>R\u012aGA<\/p>\n\n\n\n<p>Galerija R\u0101mis \/ Satiksmes iela 3 \/ Tor\u0146akalns<br>\u2022 M50 \/Miera 17\/<\/p>\n\n\n\n<p>\u2022 Manilla \/T\u0113rbatas 55\/<\/p>\n\n\n\n<p>\u2022 RIIJA \/T\u0113rbatas 6\/8<br>\u2022 Liepi\u0146m\u0101ja \/\u0122ener\u0101\u013ca Radzi\u0146a krastmala 29\/<br>\u2022 Pienene \/Kungu iela 7\/9\/<\/p>\n\n\n\n<p>\u0100DA\u017dI<\/p>\n\n\n\n<p>\u2022 \u0100da\u017eu P\u0113rle \/t\/c Apels\u012bns, R\u012bgas gatve 5\/<\/p>\n\n\n\n<p>\u0136EKAVA<\/p>\n\n\n\n<p>\u2022 \u0136ekavas P\u0113rle \/t\/c L\u012bba, R\u012bgas iela 22a\/<\/p>\n\n\n\n<p>OGRE<\/p>\n\n\n\n<p>\u2022 RABARBERS \/t\/c Presti\u017es, Mednieku 21\/23\/<\/p>\n\n\n\n<p>VALMIERA<\/p>\n\n\n\n<p>\u2022Valmieras p\u0113rle \/ R\u012bgas iela 74<\/p>\n\n\n\n<p>SIGULDA<\/p>\n\n\n\n<p>\u2022 Siguldas P\u0113rle \/tc \u0160okol\u0101de, Str\u0113lnieku iela 2\/<\/p>\n<\/div><\/div>","protected":false},"excerpt":{"rendered":"<p>\u2022&nbsp;ONLINE RIGA \u2022 Galerija R\u0101mis \/ Satiksmes street 3 \/ Tor\u0146akalns\u2022 M50 \/Miera 17\/ \u2022 Manilla \/T\u0113rbatas 55\/ \u2022 RIIJA \/T\u0113rbatas 6\/8\u2022 Liepi\u0146m\u0101ja \/\u0122ener\u0101\u013ca Radzi\u0146a krastmala 29\/\u2022 Pienene \/Kungu iela 7\/9\/ \u0100DA\u017dI \u2022 \u0100da\u017eu P\u0113rle \/t\/c Apels\u012bns, R\u012bgas gatve 5\/ \u0136EKAVA \u2022 \u0136ekavas P\u0113rle \/t\/c L\u012bba, R\u012bgas iela 22a\/ OGRE \u2022 RABARBERS \/t\/c Presti\u017es, Mednieku [&hellip;]<\/p>\n","protected":false},"author":1,"featured_media":0,"parent":0,"menu_order":0,"comment_status":"closed","ping_status":"closed","template":"","meta":{"_acf_changed":false,"_kad_blocks_custom_css":"","_kad_blocks_head_custom_js":"","_kad_blocks_body_custom_js":"","_kad_blocks_footer_custom_js":"","footnotes":""},"class_list":["post-1168","page","type-page","status-publish","hentry"],"blocksy_meta":[],"acf":[],"taxonomy_info":[],"featured_image_src_large":false,"author_info":{"display_name":"Kristiana","author_link":"https:\/\/winktattoo.com\/lv\/author\/kristiana\/"},"comment_info":0,"_links":{"self":[{"href":"https:\/\/winktattoo.com\/lv\/wp-json\/wp\/v2\/pages\/1168","targetHints":{"allow":["GET"]}}],"collection":[{"href":"https:\/\/winktattoo.com\/lv\/wp-json\/wp\/v2\/pages"}],"about":[{"href":"https:\/\/winktattoo.com\/lv\/wp-json\/wp\/v2\/types\/page"}],"author":[{"embeddable":true,"href":"https:\/\/winktattoo.com\/lv\/wp-json\/wp\/v2\/users\/1"}],"replies":[{"embeddable":true,"href":"https:\/\/winktattoo.com\/lv\/wp-json\/wp\/v2\/comments?post=1168"}],"version-history":[{"count":3,"href":"https:\/\/winktattoo.com\/lv\/wp-json\/wp\/v2\/pages\/1168\/revisions"}],"predecessor-version":[{"id":1372,"href":"https:\/\/winktattoo.com\/lv\/wp-json\/wp\/v2\/pages\/1168\/revisions\/1372"}],"wp:attachment":[{"href":"https:\/\/winktattoo.com\/lv\/wp-json\/wp\/v2\/media?parent=1168"}],"curies":[{"name":"wp","href":"https:\/\/api.w.org\/{rel}","templated":true}]}}